{"id":16992,"date":"2020-04-16T15:06:00","date_gmt":"2020-04-16T15:06:00","guid":{"rendered":"https:\/\/lovaia.com\/?post_type=product&#038;p=16992"},"modified":"2026-04-09T10:46:24","modified_gmt":"2026-04-09T10:46:24","slug":"matrix-energiewandler-o-9-5-cm-fuer-raeume","status":"publish","type":"product","link":"https:\/\/lovaia.com\/en\/product\/matrix-energiewandler-o-9-5-cm-fuer-raeume\/","title":{"rendered":"Matrix\u2013Quantum\u2013Codes for Windows \u2013 4 pcs \u00d8 9.5 cm"},"content":{"rendered":"<p data-start=\"454\" data-end=\"798\">Every window welcomes the world into your home \u2014 bringing light and air, but also invisible frequencies such as 5G, high-voltage fields, and other energetic influences.<\/p>\n<p data-start=\"454\" data-end=\"798\"><br data-start=\"630\" data-end=\"633\" \/>With <strong data-start=\"641\" data-end=\"665\">Matrix-Quantum-Codes<\/strong> applied to your windows, these vibrations are transformed into radiant, harmonizing impulses \u2014 perceptible to your space, body, and soul.<\/p>\n<p data-start=\"800\" data-end=\"843\"><strong data-start=\"800\" data-end=\"841\">Who is the Window Set for?<\/strong><\/p>\n<ul data-start=\"844\" data-end=\"1218\">\n<li data-start=\"844\" data-end=\"933\">\n<p data-start=\"846\" data-end=\"933\">For <strong data-start=\"850\" data-end=\"874\">sensitive individuals<\/strong>who feel burdened by foreign energies and radiation<\/p>\n<\/li>\n<li data-start=\"934\" data-end=\"1022\">\n<p data-start=\"936\" data-end=\"1022\">For <strong data-start=\"940\" data-end=\"964\">families with children,<\/strong>who cherish their home as a place of strength and rest<\/p>\n<\/li>\n<li data-start=\"1023\" data-end=\"1125\">\n<p data-start=\"1025\" data-end=\"1125\">anyone <strong data-start=\"1039\" data-end=\"1057\">who lives consciously<\/strong> and wishes to create an energetic sanctuary for personal growth<\/p>\n<\/li>\n<li data-start=\"1126\" data-end=\"1218\">\n<p data-start=\"1128\" data-end=\"1218\">People in <strong data-start=\"1144\" data-end=\"1168\">urban environments<\/strong>near antennas, railways, or other sources of electromagnetic fields<\/p>\n<\/li>\n<\/ul>\n<p data-start=\"1220\" data-end=\"1234\"><strong data-start=\"1220\" data-end=\"1232\">Effect:<\/strong><\/p>\n<ul data-start=\"1235\" data-end=\"1471\">\n<li data-start=\"1235\" data-end=\"1331\">\n<p data-start=\"1237\" data-end=\"1331\">Transforms disruptive vibrations (e.g., from 5G, power lines, satellites, or passing trains)<\/p>\n<\/li>\n<li data-start=\"1332\" data-end=\"1401\">\n<p data-start=\"1334\" data-end=\"1401\">Harmonizes the energetic field of a space and supports natural energy flow<\/p>\n<\/li>\n<li data-start=\"1402\" data-end=\"1471\">\n<p data-start=\"1404\" data-end=\"1471\">Creates an atmosphere of calm, presence, and inner alignment<\/p>\n<\/li>\n<\/ul>\n<p data-start=\"1473\" data-end=\"1666\"><strong data-start=\"1473\" data-end=\"1487\">Application:<\/strong><br data-start=\"1487\" data-end=\"1490\" \/>Matrix Quantum Codes are applied to the <strong data-start=\"1519\" data-end=\"1546\">inside of your windows<\/strong> - ideally <strong data-start=\"1573\" data-end=\"1605\">one per cardinal direction, or facing sources of external disturbance, <\/strong>\u00a0to create comprehensive energetic balance. Position the codes at the upper edge of the window pane.<\/p>\n<p data-start=\"1473\" data-end=\"1666\">These Matrix-Quantum-Codes for windows have a diameter of \u00f8 9.5 cm. Each set contains 4 pieces. They can be perfectly combined with with the Matrix-Quantum-Codes \u00f8 21 cm or the Master Set Home<\/p>\n<p data-start=\"1668\" data-end=\"1781\"><strong data-start=\"1668\" data-end=\"1781\">Transform your windows into radiant gateways of harmony \u2013 and make your home a place of inner balance.<\/strong><\/p>","protected":false},"excerpt":{"rendered":"<h4>Turn your Windows into Gateways of Harmony<\/h4>","protected":false},"featured_media":18297,"comment_status":"open","ping_status":"closed","template":"","meta":[],"product_brand":[],"product_cat":[21,18],"product_tag":[],"class_list":{"0":"post-16992","1":"product","2":"type-product","3":"status-publish","4":"has-post-thumbnail","6":"product_cat-kraftort-lebensraum","7":"product_cat-matrix-of-life","8":"product_shipping_class-brief-versand","10":"first","11":"instock","12":"shipping-taxable","13":"purchasable","14":"product-type-simple"},"yoast_head":"<!-- This site is optimized with the Yoast SEO plugin v27.4 - https:\/\/yoast.com\/product\/yoast-seo-wordpress\/ -->\n<title>Matrix-Quantum-Codes f\u00fcr Fenster - 4 St\u00fcck \u00d8 9.5 cm - LOVAIA.COM<\/title>\n<meta name=\"robots\" content=\"index, follow, max-snippet:-1, max-image-preview:large, max-video-preview:-1\" \/>\n<link rel=\"canonical\" href=\"https:\/\/lovaia.com\/en\/product\/matrix-energiewandler-o-9-5-cm-fuer-raeume\/\" \/>\n<meta property=\"og:locale\" content=\"en_US\" \/>\n<meta property=\"og:type\" content=\"article\" \/>\n<meta property=\"og:title\" content=\"Matrix-Quantum-Codes f\u00fcr Fenster - 4 St\u00fcck \u00d8 9.5 cm - LOVAIA.COM\" \/>\n<meta property=\"og:description\" content=\"Verwandle deine Fenster in Tore zu mehr Harmonie!\" \/>\n<meta property=\"og:url\" content=\"https:\/\/lovaia.com\/en\/product\/matrix-energiewandler-o-9-5-cm-fuer-raeume\/\" \/>\n<meta property=\"og:site_name\" content=\"LOVAIA.COM\" \/>\n<meta property=\"article:publisher\" content=\"https:\/\/www.facebook.com\/Matrix-Energy-Clearing-343642413014884\" \/>\n<meta property=\"article:modified_time\" content=\"2026-04-09T10:46:24+00:00\" \/>\n<meta property=\"og:image\" content=\"https:\/\/lovaia.com\/wp-content\/uploads\/Window-Set-9cm-Deutsch-2-compressed.png\" \/>\n\t<meta property=\"og:image:width\" content=\"1535\" \/>\n\t<meta property=\"og:image:height\" content=\"1535\" \/>\n\t<meta property=\"og:image:type\" content=\"image\/png\" \/>\n<meta name=\"twitter:card\" content=\"summary_large_image\" \/>\n<meta name=\"twitter:label1\" content=\"Est. reading time\" \/>\n\t<meta name=\"twitter:data1\" content=\"1 minute\" \/>\n<script type=\"application\/ld+json\" class=\"yoast-schema-graph\">{\"@context\":\"https:\\\/\\\/schema.org\",\"@graph\":[{\"@type\":\"WebPage\",\"@id\":\"https:\\\/\\\/lovaia.com\\\/produkt\\\/matrix-energiewandler-o-9-5-cm-fuer-raeume\\\/\",\"url\":\"https:\\\/\\\/lovaia.com\\\/produkt\\\/matrix-energiewandler-o-9-5-cm-fuer-raeume\\\/\",\"name\":\"Matrix-Quantum-Codes f\u00fcr Fenster - 4 St\u00fcck \u00d8 9.5 cm - LOVAIA.COM\",\"isPartOf\":{\"@id\":\"https:\\\/\\\/lovaia.com\\\/#website\"},\"primaryImageOfPage\":{\"@id\":\"https:\\\/\\\/lovaia.com\\\/produkt\\\/matrix-energiewandler-o-9-5-cm-fuer-raeume\\\/#primaryimage\"},\"image\":{\"@id\":\"https:\\\/\\\/lovaia.com\\\/produkt\\\/matrix-energiewandler-o-9-5-cm-fuer-raeume\\\/#primaryimage\"},\"thumbnailUrl\":\"https:\\\/\\\/lovaia.com\\\/wp-content\\\/uploads\\\/Window-Set-9cm-Deutsch-2-compressed.png\",\"datePublished\":\"2020-04-16T15:06:00+00:00\",\"dateModified\":\"2026-04-09T10:46:24+00:00\",\"breadcrumb\":{\"@id\":\"https:\\\/\\\/lovaia.com\\\/produkt\\\/matrix-energiewandler-o-9-5-cm-fuer-raeume\\\/#breadcrumb\"},\"inLanguage\":\"en-US\",\"potentialAction\":[{\"@type\":\"ReadAction\",\"target\":[\"https:\\\/\\\/lovaia.com\\\/produkt\\\/matrix-energiewandler-o-9-5-cm-fuer-raeume\\\/\"]}]},{\"@type\":\"ImageObject\",\"inLanguage\":\"en-US\",\"@id\":\"https:\\\/\\\/lovaia.com\\\/produkt\\\/matrix-energiewandler-o-9-5-cm-fuer-raeume\\\/#primaryimage\",\"url\":\"https:\\\/\\\/lovaia.com\\\/wp-content\\\/uploads\\\/Window-Set-9cm-Deutsch-2-compressed.png\",\"contentUrl\":\"https:\\\/\\\/lovaia.com\\\/wp-content\\\/uploads\\\/Window-Set-9cm-Deutsch-2-compressed.png\",\"width\":1535,\"height\":1535},{\"@type\":\"BreadcrumbList\",\"@id\":\"https:\\\/\\\/lovaia.com\\\/produkt\\\/matrix-energiewandler-o-9-5-cm-fuer-raeume\\\/#breadcrumb\",\"itemListElement\":[{\"@type\":\"ListItem\",\"position\":1,\"name\":\"Start\",\"item\":\"https:\\\/\\\/lovaia.com\\\/\"},{\"@type\":\"ListItem\",\"position\":2,\"name\":\"Shop \\\/ Events\",\"item\":\"https:\\\/\\\/lovaia.com\\\/shop\\\/\"},{\"@type\":\"ListItem\",\"position\":3,\"name\":\"Matrix&ndash;Quantum&ndash;Codes f\u00fcr Fenster &#8211; 4 St\u00fcck \u00d8 9.5 cm\"}]},{\"@type\":\"WebSite\",\"@id\":\"https:\\\/\\\/lovaia.com\\\/#website\",\"url\":\"https:\\\/\\\/lovaia.com\\\/\",\"name\":\"LOVAIA\",\"description\":\"Harmonie f\u00fcr Mensch und Raum\",\"publisher\":{\"@id\":\"https:\\\/\\\/lovaia.com\\\/#organization\"},\"potentialAction\":[{\"@type\":\"SearchAction\",\"target\":{\"@type\":\"EntryPoint\",\"urlTemplate\":\"https:\\\/\\\/lovaia.com\\\/?s={search_term_string}\"},\"query-input\":{\"@type\":\"PropertyValueSpecification\",\"valueRequired\":true,\"valueName\":\"search_term_string\"}}],\"inLanguage\":\"en-US\"},{\"@type\":\"Organization\",\"@id\":\"https:\\\/\\\/lovaia.com\\\/#organization\",\"name\":\"LOVAIA\",\"url\":\"https:\\\/\\\/lovaia.com\\\/\",\"logo\":{\"@type\":\"ImageObject\",\"inLanguage\":\"en-US\",\"@id\":\"https:\\\/\\\/lovaia.com\\\/#\\\/schema\\\/logo\\\/image\\\/\",\"url\":\"https:\\\/\\\/lovaia.com\\\/wp-content\\\/uploads\\\/Lovaia-Logo.png\",\"contentUrl\":\"https:\\\/\\\/lovaia.com\\\/wp-content\\\/uploads\\\/Lovaia-Logo.png\",\"width\":343,\"height\":92,\"caption\":\"LOVAIA\"},\"image\":{\"@id\":\"https:\\\/\\\/lovaia.com\\\/#\\\/schema\\\/logo\\\/image\\\/\"},\"sameAs\":[\"https:\\\/\\\/www.facebook.com\\\/Matrix-Energy-Clearing-343642413014884\",\"https:\\\/\\\/www.instagram.com\\\/lovaia_harmony\\\/\",\"https:\\\/\\\/www.linkedin.com\\\/in\\\/isabel-blank-lovaia\\\/\",\"https:\\\/\\\/www.youtube.com\\\/channel\\\/UCpTHfTBYQN-YHfnXFNcSjsA\"]}]}<\/script>\n<!-- \/ Yoast SEO plugin. -->","yoast_head_json":{"title":"Matrix-Quantum-Codes f\u00fcr Fenster - 4 St\u00fcck \u00d8 9.5 cm - LOVAIA.COM","robots":{"index":"index","follow":"follow","max-snippet":"max-snippet:-1","max-image-preview":"max-image-preview:large","max-video-preview":"max-video-preview:-1"},"canonical":"https:\/\/lovaia.com\/en\/product\/matrix-energiewandler-o-9-5-cm-fuer-raeume\/","og_locale":"en_US","og_type":"article","og_title":"Matrix-Quantum-Codes f\u00fcr Fenster - 4 St\u00fcck \u00d8 9.5 cm - LOVAIA.COM","og_description":"Verwandle deine Fenster in Tore zu mehr Harmonie!","og_url":"https:\/\/lovaia.com\/en\/product\/matrix-energiewandler-o-9-5-cm-fuer-raeume\/","og_site_name":"LOVAIA.COM","article_publisher":"https:\/\/www.facebook.com\/Matrix-Energy-Clearing-343642413014884","article_modified_time":"2026-04-09T10:46:24+00:00","og_image":[{"width":1535,"height":1535,"url":"https:\/\/lovaia.com\/wp-content\/uploads\/Window-Set-9cm-Deutsch-2-compressed.png","type":"image\/png"}],"twitter_card":"summary_large_image","twitter_misc":{"Est. reading time":"1 minute"},"schema":{"@context":"https:\/\/schema.org","@graph":[{"@type":"WebPage","@id":"https:\/\/lovaia.com\/produkt\/matrix-energiewandler-o-9-5-cm-fuer-raeume\/","url":"https:\/\/lovaia.com\/produkt\/matrix-energiewandler-o-9-5-cm-fuer-raeume\/","name":"Matrix-Quantum-Codes f\u00fcr Fenster - 4 St\u00fcck \u00d8 9.5 cm - LOVAIA.COM","isPartOf":{"@id":"https:\/\/lovaia.com\/#website"},"primaryImageOfPage":{"@id":"https:\/\/lovaia.com\/produkt\/matrix-energiewandler-o-9-5-cm-fuer-raeume\/#primaryimage"},"image":{"@id":"https:\/\/lovaia.com\/produkt\/matrix-energiewandler-o-9-5-cm-fuer-raeume\/#primaryimage"},"thumbnailUrl":"https:\/\/lovaia.com\/wp-content\/uploads\/Window-Set-9cm-Deutsch-2-compressed.png","datePublished":"2020-04-16T15:06:00+00:00","dateModified":"2026-04-09T10:46:24+00:00","breadcrumb":{"@id":"https:\/\/lovaia.com\/produkt\/matrix-energiewandler-o-9-5-cm-fuer-raeume\/#breadcrumb"},"inLanguage":"en-US","potentialAction":[{"@type":"ReadAction","target":["https:\/\/lovaia.com\/produkt\/matrix-energiewandler-o-9-5-cm-fuer-raeume\/"]}]},{"@type":"ImageObject","inLanguage":"en-US","@id":"https:\/\/lovaia.com\/produkt\/matrix-energiewandler-o-9-5-cm-fuer-raeume\/#primaryimage","url":"https:\/\/lovaia.com\/wp-content\/uploads\/Window-Set-9cm-Deutsch-2-compressed.png","contentUrl":"https:\/\/lovaia.com\/wp-content\/uploads\/Window-Set-9cm-Deutsch-2-compressed.png","width":1535,"height":1535},{"@type":"BreadcrumbList","@id":"https:\/\/lovaia.com\/produkt\/matrix-energiewandler-o-9-5-cm-fuer-raeume\/#breadcrumb","itemListElement":[{"@type":"ListItem","position":1,"name":"Start","item":"https:\/\/lovaia.com\/"},{"@type":"ListItem","position":2,"name":"Shop \/ Events","item":"https:\/\/lovaia.com\/shop\/"},{"@type":"ListItem","position":3,"name":"Matrix&ndash;Quantum&ndash;Codes f\u00fcr Fenster &#8211; 4 St\u00fcck \u00d8 9.5 cm"}]},{"@type":"WebSite","@id":"https:\/\/lovaia.com\/#website","url":"https:\/\/lovaia.com\/","name":"LOVAIA","description":"Harmonie f\u00fcr Mensch und Raum","publisher":{"@id":"https:\/\/lovaia.com\/#organization"},"potentialAction":[{"@type":"SearchAction","target":{"@type":"EntryPoint","urlTemplate":"https:\/\/lovaia.com\/?s={search_term_string}"},"query-input":{"@type":"PropertyValueSpecification","valueRequired":true,"valueName":"search_term_string"}}],"inLanguage":"en-US"},{"@type":"Organization","@id":"https:\/\/lovaia.com\/#organization","name":"LOVAIA","url":"https:\/\/lovaia.com\/","logo":{"@type":"ImageObject","inLanguage":"en-US","@id":"https:\/\/lovaia.com\/#\/schema\/logo\/image\/","url":"https:\/\/lovaia.com\/wp-content\/uploads\/Lovaia-Logo.png","contentUrl":"https:\/\/lovaia.com\/wp-content\/uploads\/Lovaia-Logo.png","width":343,"height":92,"caption":"LOVAIA"},"image":{"@id":"https:\/\/lovaia.com\/#\/schema\/logo\/image\/"},"sameAs":["https:\/\/www.facebook.com\/Matrix-Energy-Clearing-343642413014884","https:\/\/www.instagram.com\/lovaia_harmony\/","https:\/\/www.linkedin.com\/in\/isabel-blank-lovaia\/","https:\/\/www.youtube.com\/channel\/UCpTHfTBYQN-YHfnXFNcSjsA"]}]}},"_links":{"self":[{"href":"https:\/\/lovaia.com\/en\/wp-json\/wp\/v2\/product\/16992","targetHints":{"allow":["GET"]}}],"collection":[{"href":"https:\/\/lovaia.com\/en\/wp-json\/wp\/v2\/product"}],"about":[{"href":"https:\/\/lovaia.com\/en\/wp-json\/wp\/v2\/types\/product"}],"replies":[{"embeddable":true,"href":"https:\/\/lovaia.com\/en\/wp-json\/wp\/v2\/comments?post=16992"}],"wp:featuredmedia":[{"embeddable":true,"href":"https:\/\/lovaia.com\/en\/wp-json\/wp\/v2\/media\/18297"}],"wp:attachment":[{"href":"https:\/\/lovaia.com\/en\/wp-json\/wp\/v2\/media?parent=16992"}],"wp:term":[{"taxonomy":"product_brand","embeddable":true,"href":"https:\/\/lovaia.com\/en\/wp-json\/wp\/v2\/product_brand?post=16992"},{"taxonomy":"product_cat","embeddable":true,"href":"https:\/\/lovaia.com\/en\/wp-json\/wp\/v2\/product_cat?post=16992"},{"taxonomy":"product_tag","embeddable":true,"href":"https:\/\/lovaia.com\/en\/wp-json\/wp\/v2\/product_tag?post=16992"}],"curies":[{"name":"wp","href":"https:\/\/api.w.org\/{rel}","templated":true}]}}